{"id":91,"date":"2021-03-22T07:38:17","date_gmt":"2021-03-22T07:38:17","guid":{"rendered":"https:\/\/arrigorriaga-plenos.tiivii.com\/?page_id=91"},"modified":"2021-03-22T10:37:49","modified_gmt":"2021-03-22T10:37:49","slug":"cookie-politika-ue","status":"publish","type":"page","link":"https:\/\/arrigorriaga-plenos.tiivii.com\/?page_id=91","title":{"rendered":"Cookien politika"},"content":{"rendered":"\n<p><em><em>Esta pol\u00edtica de cookies ha sido actualizada por \u00faltima vez el 22 de March de 2021 y se aplica a los ciudadanos del Espacio Econ\u00f3mico Europeo.<\/em><\/em><\/p>\n\n\n\n<h2 class=\"wp-block-heading\">1. hitzaurre<\/h2>\n\n\n\n<p>Gure webguneak, https:\/\/arrigorriaga-plenos.tiivii.com (aurrerantzean, \u00abWebgunea\u00bb), cookie-ak eta horiekin lotutako beste teknologia batzuk erabiltzen ditu (erosoago izateko, teknologia guztiei \u00abcookie-ak\u00bb deitzen zaie). Cookie-ak kontratatu ditugun hirugarrenek ere jartzen dituzte. Hurrengo dokumentuan gure webguneko cookien erabilerari buruzko informazioa ematen dizugu.<\/p>\n\n\n\n<h2 class=\"wp-block-heading\">2. Zer dira cookie-ak?<\/h2>\n\n\n\n<p>Cookie bat web honen orrialdeekin batera bidaltzen den fitxategi sinple bat da, eta zure nabigatzaileak zure ordenagailuaren edo beste gailu baten disko gogorrean gordetzen du. Gordetako informazioa gure zerbitzariei edo hirugarrenen zerbitzari garrantzitsuei itzul dakieke ondorengo bisita batean.<\/p>\n\n\n\n<h2 class=\"wp-block-heading\">3. Zer dira scriptak?<\/h2>\n\n\n\n<p>Script bat gure webguneak behar bezala eta modu interaktiboan funtziona dezan erabiltzen den programa-kodearen zati bat da. Kode hori gure zerbitzarian edo zure gailuan exekutatzen da.<\/p>\n\n\n\n<h2 class=\"wp-block-heading\">4. Zer da web baliza bat?<\/h2>\n\n\n\n<p>Web baliza bat (edo pixel etiketa bat) web batean trafikoaren jarraipena egiteko erabiltzen den testu edo irudi pieza txiki eta ikusezin bat da. Horretarako, zuri buruzko hainbat datu gordetzen dira web balizen bidez.<\/p>\n\n\n\n<h2 class=\"wp-block-heading\">5. Cookie-ak<\/h2>\n\n\n\n<p>5.1 Cookie teknikoak edo funtzionalak<\/p>\n\n\n\n<p>Cookie batzuek ziurtatzen dute webgunearen zati batzuek behar bezala funtzionatzen dutela eta zure erabiltzaile-lehentasunak gogoan izaten jarraitzen dutela. Cookie funtzionalak jartzean, gure webgunera bisita egitea errazten dizugu. Horrela, ez duzu informazio bera behin eta berriz sartu beharrik gure webgunea bisitatzen duzunean eta, adibidez, artikuluak erosketa-saskian geratzen dira ordaindu arte. Cookie hauek zure baimenik gabe jar ditzakegu.<\/p>\n\n\n\n<p>5.2 Cookie analitikoak<\/p>\n\n\n\n<p>Datu estatistikoak anonimoki monitorizatzen direnez, ez da baimenik eskatzen cookie analitikoak jartzeko.<\/p>\n\n\n\n<p>5.3 Marketineko\/jarraipeneko cookie-ak<\/p>\n\n\n\n<p>Marketin\/jarraipeneko cookie-ak cookie-ak edo tokiko beste edozein biltegiratze-modu dira, eta erabiltzaile-profilak sortzeko erabiltzen dira, publizitatea erakusteko edo web honetan edo antzeko marketina helburu duten hainbat webgunetan erabiltzailearen jarraipena egiteko.<\/p>\n\n\n\n<h2 class=\"wp-block-heading\">6. Jar itzazu galletak.<\/h2>\n\n\n\n<h3 class=\"wp-block-heading\">Elementor<\/h3>\n\n\n\n<h4 class=\"wp-block-heading\">usadioak\u00a0<\/h4>\n\n\n\n<p>We use Elementor for edukia sortzea.&nbsp;<a target=\"_blank\" rel=\"noreferrer noopener\" href=\"https:\/\/cookiedatabase.org\/service\/elementor\">Read more<\/a><\/p>\n\n\n\n<h4 class=\"wp-block-heading\">Datu partekatuak<\/h4>\n\n\n\n<p>This data is not shared with third parties.<\/p>\n\n\n\n<h4 class=\"wp-block-heading\">Estatistikak (anonimoak)<\/h4>\n\n\n\n<h5 class=\"wp-block-heading\">izen<\/h5>\n\n\n\n<p><a target=\"_blank\" rel=\"noreferrer noopener\" href=\"https:\/\/cookiedatabase.org\/cookie\/elementor\/elementor\">elementor<\/a><\/p>\n\n\n\n<h5 class=\"wp-block-heading\">atxikitze<\/h5>\n\n\n\n<p>Iraunkorra<\/p>\n\n\n\n<h5 class=\"wp-block-heading\">eginkizun<\/h5>\n\n\n\n<p>Web gunean egindako ekintzak biltzen ditu<\/p>\n\n\n\n<h3 class=\"wp-block-heading\">Google Analytics<\/h3>\n\n\n\n<h4 class=\"wp-block-heading\">usadioak\u00a0<\/h4>\n\n\n\n<p>We use Google Analytics for webgunearen estatistikak.&nbsp;<a target=\"_blank\" rel=\"noreferrer noopener\" href=\"https:\/\/cookiedatabase.org\/service\/google-analytics\">Read more<\/a><\/p>\n\n\n\n<h4 class=\"wp-block-heading\">Datu partekatuak<\/h4>\n\n\n\n<p>For more information, please read the&nbsp;<a target=\"_blank\" rel=\"noreferrer noopener\" href=\"https:\/\/policies.google.com\/privacy\">Google Analytics Privacy Statement<\/a>.<\/p>\n\n\n\n<h4 class=\"wp-block-heading\">Estatistikak (anonimoak)<\/h4>\n\n\n\n<h5 class=\"wp-block-heading\">izen<\/h5>\n\n\n\n<p><a target=\"_blank\" rel=\"noreferrer noopener\" href=\"https:\/\/cookiedatabase.org\/cookie\/google-analytics\/_ga\">_ga<\/a><\/p>\n\n\n\n<h5 class=\"wp-block-heading\">atxikitze<\/h5>\n\n\n\n<p>2 urte<\/p>\n\n\n\n<h5 class=\"wp-block-heading\">eginkizun<\/h5>\n\n\n\n<p>Orrien ikustaldiak zenbatu eta jarraipena egitea<\/p>\n\n\n\n<h5 class=\"wp-block-heading\">izen<\/h5>\n\n\n\n<p><a target=\"_blank\" rel=\"noreferrer noopener\" href=\"https:\/\/cookiedatabase.org\/cookie\/google-analytics\/_ga_\">_ga_*<\/a><\/p>\n\n\n\n<h5 class=\"wp-block-heading\">atxikitze<\/h5>\n\n\n\n<p>Urte 1<\/p>\n\n\n\n<h5 class=\"wp-block-heading\">eginkizun<\/h5>\n\n\n\n<p>Estatistika anonimoak gorde<\/p>\n\n\n\n<h3 class=\"wp-block-heading\">WordPress<\/h3>\n\n\n\n<h4 class=\"wp-block-heading\">usadioak\u00a0<\/h4>\n\n\n\n<p>We use WordPress for webgunearen garapena.&nbsp;<a target=\"_blank\" rel=\"noreferrer noopener\" href=\"https:\/\/cookiedatabase.org\/service\/wordpress\">Read more<\/a><\/p>\n\n\n\n<h4 class=\"wp-block-heading\">Datu partekatuak<\/h4>\n\n\n\n<p>This data is not shared with third parties.<\/p>\n\n\n\n<h4 class=\"wp-block-heading\">Funtzionala<\/h4>\n\n\n\n<h5 class=\"wp-block-heading\">izen<\/h5>\n\n\n\n<p><a target=\"_blank\" rel=\"noreferrer noopener\" href=\"https:\/\/cookiedatabase.org\/cookie\/wordpress\/wordpress_test_cookie\">wordpress_test_cookie<\/a><\/p>\n\n\n\n<h5 class=\"wp-block-heading\">atxikitze<\/h5>\n\n\n\n<p>Bat ere ez<\/p>\n\n\n\n<h5 class=\"wp-block-heading\">eginkizun<\/h5>\n\n\n\n<p>Cookieak jar daitezkeen egiaztatu<\/p>\n\n\n\n<h5 class=\"wp-block-heading\">izen<\/h5>\n\n\n\n<p><a target=\"_blank\" rel=\"noreferrer noopener\" href=\"https:\/\/cookiedatabase.org\/cookie\/wordpress\/wordpress_logged_in_0fccad09e111918db6363377b39bc8af\">wordpress_logged_in_*<\/a><\/p>\n\n\n\n<h5 class=\"wp-block-heading\">atxikitze<\/h5>\n\n\n\n<p>saioa<\/p>\n\n\n\n<h5 class=\"wp-block-heading\">eginkizun<\/h5>\n\n\n\n<p>Erabiltzaileei saioa hasita mantendu<\/p>\n\n\n\n<h5 class=\"wp-block-heading\">izen<\/h5>\n\n\n\n<p><a target=\"_blank\" rel=\"noreferrer noopener\" href=\"https:\/\/cookiedatabase.org\/cookie\/wordpress\/wp-api-schema-model-2\">wp-api-schema-model*<\/a><\/p>\n\n\n\n<h5 class=\"wp-block-heading\">atxikitze<\/h5>\n\n\n\n<p>saioa<\/p>\n\n\n\n<h5 class=\"wp-block-heading\">eginkizun<\/h5>\n\n\n\n<h5 class=\"wp-block-heading\">izen<\/h5>\n\n\n\n<p><a target=\"_blank\" rel=\"noreferrer noopener\" href=\"https:\/\/cookiedatabase.org\/cookie\/wordpress\/wp_data_user_-2\">WP_DATA_USER_*<\/a><\/p>\n\n\n\n<h5 class=\"wp-block-heading\">atxikitze<\/h5>\n\n\n\n<p>saioa<\/p>\n\n\n\n<h5 class=\"wp-block-heading\">eginkizun<\/h5>\n\n\n\n<p>Erabiltzailearen hobespenak jasotzen ditu<\/p>\n\n\n\n<h3 class=\"wp-block-heading\">Polylang<\/h3>\n\n\n\n<h4 class=\"wp-block-heading\">usadioak\u00a0<\/h4>\n\n\n\n<p>We use Polylang for tokiko kudeaketa.&nbsp;<a target=\"_blank\" rel=\"noreferrer noopener\" href=\"https:\/\/cookiedatabase.org\/service\/polylang\">Read more<\/a><\/p>\n\n\n\n<h4 class=\"wp-block-heading\">Datu partekatuak<\/h4>\n\n\n\n<p>This data is not shared with third parties.<\/p>\n\n\n\n<h4 class=\"wp-block-heading\">Lehentasunak<\/h4>\n\n\n\n<h5 class=\"wp-block-heading\">izen<\/h5>\n\n\n\n<p><a target=\"_blank\" rel=\"noreferrer noopener\" href=\"https:\/\/cookiedatabase.org\/cookie\/polylang\/pll_language\">pll_language<\/a><\/p>\n\n\n\n<h5 class=\"wp-block-heading\">atxikitze<\/h5>\n\n\n\n<p>Iraunkorra<\/p>\n\n\n\n<h5 class=\"wp-block-heading\">eginkizun<\/h5>\n\n\n\n<p>Hizkuntza ezarpenak gorde<\/p>\n\n\n\n<h3 class=\"wp-block-heading\">WordFence<\/h3>\n\n\n\n<h4 class=\"wp-block-heading\">usadioak\u00a0<\/h4>\n\n\n\n<p>We use WordFence for webgunearen segurtasuna.&nbsp;<a target=\"_blank\" rel=\"noreferrer noopener\" href=\"https:\/\/cookiedatabase.org\/service\/wordfence\">Read more<\/a><\/p>\n\n\n\n<h4 class=\"wp-block-heading\">Datu partekatuak<\/h4>\n\n\n\n<p>For more information, please read the&nbsp;<a target=\"_blank\" rel=\"noreferrer noopener\" href=\"https:\/\/www.wordfence.com\/privacy-policy\/\">WordFence Privacy Statement<\/a>.<\/p>\n\n\n\n<h4 class=\"wp-block-heading\">Funtzionala<\/h4>\n\n\n\n<h5 class=\"wp-block-heading\">izen<\/h5>\n\n\n\n<p><a target=\"_blank\" rel=\"noreferrer noopener\" href=\"https:\/\/cookiedatabase.org\/cookie\/wordfence\/wfwaf-authcookie\">wfwaf-authcookie*<\/a><\/p>\n\n\n\n<h5 class=\"wp-block-heading\">atxikitze<\/h5>\n\n\n\n<p>Egun 1<\/p>\n\n\n\n<h5 class=\"wp-block-heading\">eginkizun<\/h5>\n\n\n\n<p>Erabiltzaileak saioa hasi duen zehaztu<\/p>\n\n\n\n<h3 class=\"wp-block-heading\">Google Fonts<\/h3>\n\n\n\n<h4 class=\"wp-block-heading\">usadioak\u00a0<\/h4>\n\n\n\n<p>We use Google Fonts for tipografien bistaratzea.&nbsp;<a target=\"_blank\" rel=\"noreferrer noopener\" href=\"https:\/\/cookiedatabase.org\/service\/google-fonts\">Read more<\/a><\/p>\n\n\n\n<h4 class=\"wp-block-heading\">Datu partekatuak<\/h4>\n\n\n\n<p>For more information, please read the&nbsp;<a target=\"_blank\" rel=\"noreferrer noopener\" href=\"https:\/\/policies.google.com\/privacy\">Google Fonts Privacy Statement<\/a>.<\/p>\n\n\n\n<h4 class=\"wp-block-heading\">Purpose pending investigation<\/h4>\n\n\n\n<h5 class=\"wp-block-heading\">izen<\/h5>\n\n\n\n<p>Google Fonts API<\/p>\n\n\n\n<h3 class=\"wp-block-heading\">YouTube<\/h3>\n\n\n\n<h4 class=\"wp-block-heading\">usadioak\u00a0<\/h4>\n\n\n\n<p>We use YouTube for bideoa bistaratzea.&nbsp;<a target=\"_blank\" rel=\"noreferrer noopener\" href=\"https:\/\/cookiedatabase.org\/service\/youtube\">Read more<\/a><\/p>\n\n\n\n<h4 class=\"wp-block-heading\">Datu partekatuak<\/h4>\n\n\n\n<p>For more information, please read the&nbsp;<a target=\"_blank\" rel=\"noreferrer noopener\" href=\"https:\/\/policies.google.com\/privacy\">YouTube Privacy Statement<\/a>.<\/p>\n\n\n\n<h4 class=\"wp-block-heading\">Purpose pending investigation<\/h4>\n\n\n\n<h5 class=\"wp-block-heading\">izen<\/h5>\n\n\n\n<p>GPS<\/p>\n\n\n\n<h5 class=\"wp-block-heading\">izen<\/h5>\n\n\n\n<p>VISITOR_INFO1_LIVE<\/p>\n\n\n\n<h4 class=\"wp-block-heading\">Estatistikak<\/h4>\n\n\n\n<h5 class=\"wp-block-heading\">izen<\/h5>\n\n\n\n<p><a target=\"_blank\" rel=\"noreferrer noopener\" href=\"https:\/\/cookiedatabase.org\/cookie\/youtube\/ysc\">YSC<\/a><\/p>\n\n\n\n<h5 class=\"wp-block-heading\">atxikitze<\/h5>\n\n\n\n<p>saioa<\/p>\n\n\n\n<h5 class=\"wp-block-heading\">eginkizun<\/h5>\n\n\n\n<p>Erabiltzaile bakarraren IDa gorde<\/p>\n\n\n\n<h5 class=\"wp-block-heading\">izen<\/h5>\n\n\n\n<p><a target=\"_blank\" rel=\"noreferrer noopener\" href=\"https:\/\/cookiedatabase.org\/cookie\/youtube\/pref\">PREF<\/a><\/p>\n\n\n\n<h5 class=\"wp-block-heading\">atxikitze<\/h5>\n\n\n\n<p>Urte 1<\/p>\n\n\n\n<h5 class=\"wp-block-heading\">eginkizun<\/h5>\n\n\n\n<p>Webguneetako bisitak gorde eta jarraipena egin<\/p>\n\n\n\n<h3 class=\"wp-block-heading\">Miscellaneous<\/h3>\n\n\n\n<h4 class=\"wp-block-heading\">usadioak\u00a0<\/h4>\n\n\n\n<h4 class=\"wp-block-heading\">Datu partekatuak<\/h4>\n\n\n\n<p>Sharing of data is pending investigation<\/p>\n\n\n\n<h4 class=\"wp-block-heading\">Purpose pending investigation<\/h4>\n\n\n\n<h5 class=\"wp-block-heading\">izen<\/h5>\n\n\n\n<p><a target=\"_blank\" rel=\"noreferrer noopener\" href=\"https:\/\/cookiedatabase.org\/cookie\/unknown-service\/intercom-id-2\">intercom-id-*<\/a><\/p>\n\n\n\n<h5 class=\"wp-block-heading\">izen<\/h5>\n\n\n\n<p>aiovg_rand_seed<\/p>\n\n\n\n<h5 class=\"wp-block-heading\">izen<\/h5>\n\n\n\n<p>fbv_tree<\/p>\n\n\n\n<h2 class=\"wp-block-heading\">7. baimen<\/h2>\n\n\n\n<p>Gure webgunea lehen aldiz bisitatzen duzunean, cookie-ei buruzko azalpen bat ematen duen leiho bat erakutsiko dizugu. \u00abGorde lehentasunak\u00bb aukeran klik egin bezain laster, leiho azaleratu berrian hautatu dituzun cookien eta pluginen kategoriak erabiltzea onartzen duzu, cookien politika honetan deskribatzen den bezala. Cookie-en erabilera desaktiba dezakezu zure nabigatzailearen bidez, baina, mesedez, kontuan izan gure webguneak behar bezala funtzionatzeari utz diezaiokeela.<\/p>\n\n\n\n<p>7.1 Kudeatu zure baimen-doikuntzak<\/p>\n\n\n\n<h2 class=\"wp-block-heading\">8. Datu pertsonalekiko dituzun eskubideak<\/h2>\n\n\n\n<p>Eskubide hauek dituzu zure datu pertsonalei dagokienez:<\/p>\n\n\n\n<ul class=\"wp-block-list\"><li>Zure datu pertsonalak zergatik behar diren, datu horiekin zer gertatuko den eta zenbat denboran gordeko diren jakiteko eskubidea duzu.<\/li><li>Sartzeko eskubidea: ezagutzen ditugun zure datu pertsonalak eskuratzeko eskubidea duzu.<\/li><li>Zuzentzeko eskubidea: zure datu pertsonalak osatzeko, zuzentzeko, ezabatzeko edo blokeatzeko eskubidea duzu, nahi duzunean.<\/li><li>Zure datuak prozesatzeko baimena ematen badiguzu, baimen hori ezeztatzeko eta zure datu pertsonalak ezabatzeko eskubidea duzu.<\/li><li>Zure datuak lagatzeko eskubidea: eskubidea duzu zure datu pertsonal guztiak tratamenduaren arduradunari eskatzeko eta oso-osorik beste tratamenduaren arduradun bati transferitzeko.<\/li><li>Aurka egiteko eskubidea: zure datuen tratamenduaren aurka egin dezakezu. Guk hori betetzen dugu, prozesatzeko arrazoi justifikaturik ez badago behintzat.<\/li><\/ul>\n\n\n\n<p>Eskubide horiek baliatzeko, mesedez, jarri gurekin harremanetan. Mesedez, kontsultatu harremanetarako xehetasunak cookien politika honen beheko aldean. Zure datuak kudeatzeko moduari buruzko kexaren bat baduzu, guri jakinaraztea gustatuko litzaiguke, baina eskubidea duzu, halaber, kexa bat bidaltzeko agintaritza ikuskatzaileari (datuak babesteko agintaritza).<\/p>\n\n\n\n<h2 class=\"wp-block-heading\">9. Cookie-ak aktibatzea, desaktibatzea eta ezabatzea<\/h2>\n\n\n\n<p>Zure Interneteko nabigatzailea erabil dezakezu cookie-ak automatikoki edo eskuz ezabatzeko. Era berean, zehaztu dezakezu zenbait cookie ezin direla jarri. Beste aukera bat da zure Interneteko nabigatzailearen doikuntzak aldatzea, cookie bat jartzen den bakoitzean mezu bat jaso dezazun. Aukera horiei buruzko informazio gehiago nahi izanez gero, kontsultatu nabigatzailearen \u00ablaguntza\u00bb ataleko jarraibideak.<\/p>\n\n\n\n<p>Kontuan izan gure webguneak ez duela behar bezala funtzionatuko cookie guztiak desaktibatuta badaude. Zure nabigatzailearen cookie-ak ezabatzen badituzu, zure baimena jaso ondoren jarriko dira berriro gure webguneak bisitatzen dituzunean.<\/p>\n\n\n\n<h2 class=\"wp-block-heading\">10. Harremanetarako xehetasunak<\/h2>\n\n\n\n<p>Gure cookien politikari buruzko galderak eta\/edo iruzkinak egiteko, mesedez, jarri gurekin harremanetan honako datu hauek erabiliz:<\/p>\n\n\n\n<p>CINFO contenidos informativo especializados, S.L. (aurrerantzean, \u00abCINFO\u00bb)<br>CITIC 2 eraikina, Antonio Insua Rivas kalea, 56. 15008, Coru\u00f1a<\/p>\n\n\n\n<p><br><br>Espa\u00f1a<br>Website:\u00a0<a href=\"https:\/\/arrigorriaga-plenos.tiivii.com\/\">https:\/\/arrigorriaga-plenos.tiivii.com<\/a><br>Email:\u00a0<a href=\"mailto:gdpr@cinfo.es\">gdpr@cinfo.es<\/a><br>N\u00famero de tel\u00e9fono: 881015512<\/p>\n\n\n\n<p>Cookien politika hau sinkronizatu egin da\u00a0<a href=\"https:\/\/cookiedatabase.org\/\" target=\"_blank\" rel=\"noreferrer noopener\">cookiedatabase.org<\/a>\u00a02021eko martxoaren 22an<\/p>\n","protected":false},"excerpt":{"rendered":"<p>Esta pol\u00edtica de cookies ha sido actualizada por \u00faltima vez el 22 de March de 2021 y se aplica a los ciudadanos del Espacio Econ\u00f3mico Europeo. 1. hitzaurre Gure webguneak, https:\/\/arrigorriaga-plenos.tiivii.com (aurrerantzean, \u00abWebgunea\u00bb), cookie-ak eta horiekin lotutako beste teknologia batzuk erabiltzen ditu (erosoago izateko, teknologia guztiei \u00abcookie-ak\u00bb deitzen zaie). Cookie-ak kontratatu ditugun hirugarrenek ere jartzen &#8230; <a title=\"Cookien politika\" class=\"read-more\" href=\"https:\/\/arrigorriaga-plenos.tiivii.com\/?page_id=91\" aria-label=\"Leer m\u00e1s sobre Cookien politika\">Leer m\u00e1s<\/a><\/p>\n","protected":false},"author":17,"featured_media":0,"parent":0,"menu_order":0,"comment_status":"closed","ping_status":"closed","template":"","meta":{"_acf_changed":false,"footnotes":""},"class_list":["post-91","page","type-page","status-publish"],"acf":[],"yoast_head":"<!-- This site is optimized with the Yoast SEO plugin v27.3 - https:\/\/yoast.com\/product\/yoast-seo-wordpress\/ -->\n<title>Cookien politika - Ayuntamiento de Arrigorriaga - plenos<\/title>\n<meta name=\"robots\" content=\"index, follow, max-snippet:-1, max-image-preview:large, max-video-preview:-1\" \/>\n<link rel=\"canonical\" href=\"https:\/\/arrigorriaga-plenos.tiivii.com\/?page_id=91\" \/>\n<meta property=\"og:locale\" content=\"es_ES\" \/>\n<meta property=\"og:type\" content=\"article\" \/>\n<meta property=\"og:title\" content=\"Cookien politika - Ayuntamiento de Arrigorriaga - plenos\" \/>\n<meta property=\"og:description\" content=\"Esta pol\u00edtica de cookies ha sido actualizada por \u00faltima vez el 22 de March de 2021 y se aplica a los ciudadanos del Espacio Econ\u00f3mico Europeo. 1. hitzaurre Gure webguneak, https:\/\/arrigorriaga-plenos.tiivii.com (aurrerantzean, \u00abWebgunea\u00bb), cookie-ak eta horiekin lotutako beste teknologia batzuk erabiltzen ditu (erosoago izateko, teknologia guztiei \u00abcookie-ak\u00bb deitzen zaie). Cookie-ak kontratatu ditugun hirugarrenek ere jartzen ... Leer m\u00e1s\" \/>\n<meta property=\"og:url\" content=\"https:\/\/arrigorriaga-plenos.tiivii.com\/?page_id=91\" \/>\n<meta property=\"og:site_name\" content=\"Ayuntamiento de Arrigorriaga - plenos\" \/>\n<meta property=\"article:modified_time\" content=\"2021-03-22T10:37:49+00:00\" \/>\n<meta name=\"twitter:card\" content=\"summary_large_image\" \/>\n<meta name=\"twitter:label1\" content=\"Tiempo de lectura\" \/>\n\t<meta name=\"twitter:data1\" content=\"5 minutos\" \/>\n<script type=\"application\/ld+json\" class=\"yoast-schema-graph\">{\"@context\":\"https:\\\/\\\/schema.org\",\"@graph\":[{\"@type\":\"WebPage\",\"@id\":\"https:\\\/\\\/arrigorriaga-plenos.tiivii.com\\\/?page_id=91\",\"url\":\"https:\\\/\\\/arrigorriaga-plenos.tiivii.com\\\/?page_id=91\",\"name\":\"Cookien politika - Ayuntamiento de Arrigorriaga - plenos\",\"isPartOf\":{\"@id\":\"https:\\\/\\\/arrigorriaga-plenos.tiivii.com\\\/#website\"},\"datePublished\":\"2021-03-22T07:38:17+00:00\",\"dateModified\":\"2021-03-22T10:37:49+00:00\",\"breadcrumb\":{\"@id\":\"https:\\\/\\\/arrigorriaga-plenos.tiivii.com\\\/?page_id=91#breadcrumb\"},\"inLanguage\":\"es\",\"potentialAction\":[{\"@type\":\"ReadAction\",\"target\":[\"https:\\\/\\\/arrigorriaga-plenos.tiivii.com\\\/?page_id=91\"]}]},{\"@type\":\"BreadcrumbList\",\"@id\":\"https:\\\/\\\/arrigorriaga-plenos.tiivii.com\\\/?page_id=91#breadcrumb\",\"itemListElement\":[{\"@type\":\"ListItem\",\"position\":1,\"name\":\"Portada\",\"item\":\"https:\\\/\\\/arrigorriaga-plenos.tiivii.com\\\/\"},{\"@type\":\"ListItem\",\"position\":2,\"name\":\"Cookien politika\"}]},{\"@type\":\"WebSite\",\"@id\":\"https:\\\/\\\/arrigorriaga-plenos.tiivii.com\\\/#website\",\"url\":\"https:\\\/\\\/arrigorriaga-plenos.tiivii.com\\\/\",\"name\":\"Ayuntamiento de Arrigorriaga - plenos\",\"description\":\"Otro sitio m\u00e1s de plenos.tiivii.com\",\"publisher\":{\"@id\":\"https:\\\/\\\/arrigorriaga-plenos.tiivii.com\\\/#organization\"},\"potentialAction\":[{\"@type\":\"SearchAction\",\"target\":{\"@type\":\"EntryPoint\",\"urlTemplate\":\"https:\\\/\\\/arrigorriaga-plenos.tiivii.com\\\/?s={search_term_string}\"},\"query-input\":{\"@type\":\"PropertyValueSpecification\",\"valueRequired\":true,\"valueName\":\"search_term_string\"}}],\"inLanguage\":\"es\"},{\"@type\":\"Organization\",\"@id\":\"https:\\\/\\\/arrigorriaga-plenos.tiivii.com\\\/#organization\",\"name\":\"Ayuntamiento de Arrigorriaga - plenos\",\"url\":\"https:\\\/\\\/arrigorriaga-plenos.tiivii.com\\\/\",\"logo\":{\"@type\":\"ImageObject\",\"inLanguage\":\"es\",\"@id\":\"https:\\\/\\\/arrigorriaga-plenos.tiivii.com\\\/#\\\/schema\\\/logo\\\/image\\\/\",\"url\":\"https:\\\/\\\/arrigorriaga-plenos.tiivii.com\\\/wp-content\\\/uploads\\\/sites\\\/8\\\/2021\\\/02\\\/cropped-logo.gif\",\"contentUrl\":\"https:\\\/\\\/arrigorriaga-plenos.tiivii.com\\\/wp-content\\\/uploads\\\/sites\\\/8\\\/2021\\\/02\\\/cropped-logo.gif\",\"width\":193,\"height\":96,\"caption\":\"Ayuntamiento de Arrigorriaga - plenos\"},\"image\":{\"@id\":\"https:\\\/\\\/arrigorriaga-plenos.tiivii.com\\\/#\\\/schema\\\/logo\\\/image\\\/\"}}]}<\/script>\n<!-- \/ Yoast SEO plugin. -->","yoast_head_json":{"title":"Cookien politika - Ayuntamiento de Arrigorriaga - plenos","robots":{"index":"index","follow":"follow","max-snippet":"max-snippet:-1","max-image-preview":"max-image-preview:large","max-video-preview":"max-video-preview:-1"},"canonical":"https:\/\/arrigorriaga-plenos.tiivii.com\/?page_id=91","og_locale":"es_ES","og_type":"article","og_title":"Cookien politika - Ayuntamiento de Arrigorriaga - plenos","og_description":"Esta pol\u00edtica de cookies ha sido actualizada por \u00faltima vez el 22 de March de 2021 y se aplica a los ciudadanos del Espacio Econ\u00f3mico Europeo. 1. hitzaurre Gure webguneak, https:\/\/arrigorriaga-plenos.tiivii.com (aurrerantzean, \u00abWebgunea\u00bb), cookie-ak eta horiekin lotutako beste teknologia batzuk erabiltzen ditu (erosoago izateko, teknologia guztiei \u00abcookie-ak\u00bb deitzen zaie). Cookie-ak kontratatu ditugun hirugarrenek ere jartzen ... Leer m\u00e1s","og_url":"https:\/\/arrigorriaga-plenos.tiivii.com\/?page_id=91","og_site_name":"Ayuntamiento de Arrigorriaga - plenos","article_modified_time":"2021-03-22T10:37:49+00:00","twitter_card":"summary_large_image","twitter_misc":{"Tiempo de lectura":"5 minutos"},"schema":{"@context":"https:\/\/schema.org","@graph":[{"@type":"WebPage","@id":"https:\/\/arrigorriaga-plenos.tiivii.com\/?page_id=91","url":"https:\/\/arrigorriaga-plenos.tiivii.com\/?page_id=91","name":"Cookien politika - Ayuntamiento de Arrigorriaga - plenos","isPartOf":{"@id":"https:\/\/arrigorriaga-plenos.tiivii.com\/#website"},"datePublished":"2021-03-22T07:38:17+00:00","dateModified":"2021-03-22T10:37:49+00:00","breadcrumb":{"@id":"https:\/\/arrigorriaga-plenos.tiivii.com\/?page_id=91#breadcrumb"},"inLanguage":"es","potentialAction":[{"@type":"ReadAction","target":["https:\/\/arrigorriaga-plenos.tiivii.com\/?page_id=91"]}]},{"@type":"BreadcrumbList","@id":"https:\/\/arrigorriaga-plenos.tiivii.com\/?page_id=91#breadcrumb","itemListElement":[{"@type":"ListItem","position":1,"name":"Portada","item":"https:\/\/arrigorriaga-plenos.tiivii.com\/"},{"@type":"ListItem","position":2,"name":"Cookien politika"}]},{"@type":"WebSite","@id":"https:\/\/arrigorriaga-plenos.tiivii.com\/#website","url":"https:\/\/arrigorriaga-plenos.tiivii.com\/","name":"Ayuntamiento de Arrigorriaga - plenos","description":"Otro sitio m\u00e1s de plenos.tiivii.com","publisher":{"@id":"https:\/\/arrigorriaga-plenos.tiivii.com\/#organization"},"potentialAction":[{"@type":"SearchAction","target":{"@type":"EntryPoint","urlTemplate":"https:\/\/arrigorriaga-plenos.tiivii.com\/?s={search_term_string}"},"query-input":{"@type":"PropertyValueSpecification","valueRequired":true,"valueName":"search_term_string"}}],"inLanguage":"es"},{"@type":"Organization","@id":"https:\/\/arrigorriaga-plenos.tiivii.com\/#organization","name":"Ayuntamiento de Arrigorriaga - plenos","url":"https:\/\/arrigorriaga-plenos.tiivii.com\/","logo":{"@type":"ImageObject","inLanguage":"es","@id":"https:\/\/arrigorriaga-plenos.tiivii.com\/#\/schema\/logo\/image\/","url":"https:\/\/arrigorriaga-plenos.tiivii.com\/wp-content\/uploads\/sites\/8\/2021\/02\/cropped-logo.gif","contentUrl":"https:\/\/arrigorriaga-plenos.tiivii.com\/wp-content\/uploads\/sites\/8\/2021\/02\/cropped-logo.gif","width":193,"height":96,"caption":"Ayuntamiento de Arrigorriaga - plenos"},"image":{"@id":"https:\/\/arrigorriaga-plenos.tiivii.com\/#\/schema\/logo\/image\/"}}]}},"_links":{"self":[{"href":"https:\/\/arrigorriaga-plenos.tiivii.com\/index.php?rest_route=\/wp\/v2\/pages\/91","targetHints":{"allow":["GET"]}}],"collection":[{"href":"https:\/\/arrigorriaga-plenos.tiivii.com\/index.php?rest_route=\/wp\/v2\/pages"}],"about":[{"href":"https:\/\/arrigorriaga-plenos.tiivii.com\/index.php?rest_route=\/wp\/v2\/types\/page"}],"author":[{"embeddable":true,"href":"https:\/\/arrigorriaga-plenos.tiivii.com\/index.php?rest_route=\/wp\/v2\/users\/17"}],"replies":[{"embeddable":true,"href":"https:\/\/arrigorriaga-plenos.tiivii.com\/index.php?rest_route=%2Fwp%2Fv2%2Fcomments&post=91"}],"version-history":[{"count":8,"href":"https:\/\/arrigorriaga-plenos.tiivii.com\/index.php?rest_route=\/wp\/v2\/pages\/91\/revisions"}],"predecessor-version":[{"id":137,"href":"https:\/\/arrigorriaga-plenos.tiivii.com\/index.php?rest_route=\/wp\/v2\/pages\/91\/revisions\/137"}],"wp:attachment":[{"href":"https:\/\/arrigorriaga-plenos.tiivii.com\/index.php?rest_route=%2Fwp%2Fv2%2Fmedia&parent=91"}],"curies":[{"name":"wp","href":"https:\/\/api.w.org\/{rel}","templated":true}]}}